{"id":5906,"date":"2022-07-05T06:52:10","date_gmt":"2022-07-05T06:52:10","guid":{"rendered":"https:\/\/technokergmbh.live-website.com\/?page_id=5906"},"modified":"2022-10-06T11:14:16","modified_gmt":"2022-10-06T11:14:16","slug":"impressum","status":"publish","type":"page","link":"https:\/\/technoker.de\/en\/impressum","title":{"rendered":"Imprint"},"content":{"rendered":"<div data-elementor-type=\"wp-page\" data-elementor-id=\"5906\" class=\"elementor elementor-5906\" data-elementor-post-type=\"page\">\n\t\t\t\t\t\t<section class=\"elementor-section elementor-top-section elementor-element elementor-element-6b6da3d elementor-section-boxed elementor-section-height-default elementor-section-height-default qodef-elementor-content-no\" data-id=\"6b6da3d\" data-element_type=\"section\" data-e-type=\"section\">\n\t\t\t\t\t\t<div class=\"elementor-container elementor-column-gap-default\">\n\t\t\t\t\t<div class=\"elementor-column elementor-col-50 elementor-top-column elementor-element elementor-element-90106d2\" data-id=\"90106d2\" data-element_type=\"column\" data-e-type=\"column\">\n\t\t\t<div class=\"elementor-widget-wrap elementor-element-populated\">\n\t\t\t\t\t\t<div class=\"elementor-element elementor-element-5605387 elementor-widget elementor-widget-text-editor\" data-id=\"5605387\" data-element_type=\"widget\" data-e-type=\"widget\" data-widget_type=\"text-editor.default\">\n\t\t\t\t<div class=\"elementor-widget-container\">\n\t\t\t\t\t\t\t\t\t<p>TechnoKer GmbH<br \/>Kaullache 10<br \/>96328 K\u00fcps<br \/>Germany<\/p><p>Phone <a href=\"tel:+499264999910\">+49 9264 \/\u00a099 991-0<\/a><br \/>Fax +49<span style=\"background-color: #ffffff; color: var( --e-global-color-text ); font-family: var( --e-global-typography-text-font-family ), Sans-serif; font-weight: var( --e-global-typography-text-font-weight );\">\u00a0<\/span><span style=\"background-color: #ffffff; color: var( --e-global-color-text ); font-family: var( --e-global-typography-text-font-family ), Sans-serif; font-weight: var( --e-global-typography-text-font-weight );\">9264 \/\u00a099 991-50<\/span><\/p><p>E-mail <a href=\"mailto:kontakt@technoker.de\">kontakt@technoker.de<\/a><\/p>\t\t\t\t\t\t\t\t<\/div>\n\t\t\t\t<\/div>\n\t\t\t\t\t<\/div>\n\t\t<\/div>\n\t\t\t\t<div class=\"elementor-column elementor-col-50 elementor-top-column elementor-element elementor-element-b03ada9\" data-id=\"b03ada9\" data-element_type=\"column\" data-e-type=\"column\">\n\t\t\t<div class=\"elementor-widget-wrap elementor-element-populated\">\n\t\t\t\t\t\t<div class=\"elementor-element elementor-element-4fa3f8a elementor-widget elementor-widget-text-editor\" data-id=\"4fa3f8a\" data-element_type=\"widget\" data-e-type=\"widget\" data-widget_type=\"text-editor.default\">\n\t\t\t\t<div class=\"elementor-widget-container\">\n\t\t\t\t\t\t\t\t\t<p class=\"\">Represented by the Managing Director:<br \/>Siegfried Meisel<\/p><p>Registry Court:<br \/>Coburg Local Court, HRB 3122<\/p><p>VAT ID No:<br \/>DE274166367<\/p>\t\t\t\t\t\t\t\t<\/div>\n\t\t\t\t<\/div>\n\t\t\t\t\t<\/div>\n\t\t<\/div>\n\t\t\t\t\t<\/div>\n\t\t<\/section>\n\t\t\t\t<section class=\"elementor-section elementor-top-section elementor-element elementor-element-04904f2 elementor-section-boxed elementor-section-height-default elementor-section-height-default qodef-elementor-content-no\" data-id=\"04904f2\" data-element_type=\"section\" data-e-type=\"section\">\n\t\t\t\t\t\t<div class=\"elementor-container elementor-column-gap-default\">\n\t\t\t\t\t<div class=\"elementor-column elementor-col-100 elementor-top-column elementor-element elementor-element-11601ec\" data-id=\"11601ec\" data-element_type=\"column\" data-e-type=\"column\">\n\t\t\t<div class=\"elementor-widget-wrap elementor-element-populated\">\n\t\t\t\t\t\t<div class=\"elementor-element elementor-element-c7296bd elementor-widget-divider--view-line_text elementor-widget-divider--element-align-center elementor-widget elementor-widget-divider\" data-id=\"c7296bd\" data-element_type=\"widget\" data-e-type=\"widget\" data-widget_type=\"divider.default\">\n\t\t\t\t<div class=\"elementor-widget-container\">\n\t\t\t\t\t\t\t<div class=\"elementor-divider\">\n\t\t\t<span class=\"elementor-divider-separator\">\n\t\t\t\t\t\t\t<span class=\"elementor-divider__text elementor-divider__element\">\n\t\t\t\tPrivacy\t\t\t\t<\/span>\n\t\t\t\t\t\t<\/span>\n\t\t<\/div>\n\t\t\t\t\t\t<\/div>\n\t\t\t\t<\/div>\n\t\t\t\t\t<\/div>\n\t\t<\/div>\n\t\t\t\t\t<\/div>\n\t\t<\/section>\n\t\t\t\t<section class=\"elementor-section elementor-top-section elementor-element elementor-element-f4a23f9 elementor-section-boxed elementor-section-height-default elementor-section-height-default qodef-elementor-content-no\" data-id=\"f4a23f9\" data-element_type=\"section\" data-e-type=\"section\">\n\t\t\t\t\t\t<div class=\"elementor-container elementor-column-gap-default\">\n\t\t\t\t\t<div class=\"elementor-column elementor-col-50 elementor-top-column elementor-element elementor-element-a079989 elementor-hidden-tablet elementor-hidden-mobile\" data-id=\"a079989\" data-element_type=\"column\" data-e-type=\"column\">\n\t\t\t<div class=\"elementor-widget-wrap elementor-element-populated\">\n\t\t\t\t\t\t<div class=\"elementor-element elementor-element-e1c615b elementor-absolute e-transform elementor-hidden-tablet elementor-hidden-mobile elementor-widget elementor-widget-image\" data-id=\"e1c615b\" data-element_type=\"widget\" data-e-type=\"widget\" data-settings=\"{&quot;_position&quot;:&quot;absolute&quot;,&quot;_transform_rotateZ_effect&quot;:{&quot;unit&quot;:&quot;px&quot;,&quot;size&quot;:270,&quot;sizes&quot;:[]},&quot;_transform_rotateZ_effect_tablet&quot;:{&quot;unit&quot;:&quot;deg&quot;,&quot;size&quot;:&quot;&quot;,&quot;sizes&quot;:[]},&quot;_transform_rotateZ_effect_mobile&quot;:{&quot;unit&quot;:&quot;deg&quot;,&quot;size&quot;:&quot;&quot;,&quot;sizes&quot;:[]}}\" data-widget_type=\"image.default\">\n\t\t\t\t<div class=\"elementor-widget-container\">\n\t\t\t\t\t\t\t\t\t\t\t\t\t\t\t<img fetchpriority=\"high\" decoding=\"async\" width=\"799\" height=\"128\" src=\"https:\/\/technoker.de\/wp-content\/uploads\/2022\/07\/GA-Logo.png\" class=\"attachment-full size-full wp-image-5915\" alt=\"\" srcset=\"https:\/\/technoker.de\/wp-content\/uploads\/2022\/07\/GA-Logo.png 799w, https:\/\/technoker.de\/wp-content\/uploads\/2022\/07\/GA-Logo-300x48.png 300w, https:\/\/technoker.de\/wp-content\/uploads\/2022\/07\/GA-Logo-768x123.png 768w\" sizes=\"(max-width: 799px) 100vw, 799px\" \/>\t\t\t\t\t\t\t\t\t\t\t\t\t\t\t<\/div>\n\t\t\t\t<\/div>\n\t\t\t\t\t<\/div>\n\t\t<\/div>\n\t\t\t\t<div class=\"elementor-column elementor-col-50 elementor-top-column elementor-element elementor-element-80d527a\" data-id=\"80d527a\" data-element_type=\"column\" data-e-type=\"column\">\n\t\t\t<div class=\"elementor-widget-wrap elementor-element-populated\">\n\t\t\t\t\t\t<div class=\"elementor-element elementor-element-745af38 elementor-widget elementor-widget-text-editor\" data-id=\"745af38\" data-element_type=\"widget\" data-e-type=\"widget\" data-widget_type=\"text-editor.default\">\n\t\t\t\t<div class=\"elementor-widget-container\">\n\t\t\t\t\t\t\t\t\t<p><strong>Privacy policy for the use of Google Analytics<\/strong><\/p><p>This website uses Google Analytics, a web analytics service provided by Google, Inc (\"Google\"). Google Analytics uses \"cookies\", which are text files placed on your computer, to help the website analyze how users use the site. The information generated by the cookie about your use of this website is usually transmitted to a Google server in the USA and stored there. In the event that IP anonymization is activated on this website, however, your IP address will be truncated beforehand by Google within member states of the European Union or in other contracting states to the Agreement on the European Economic Area.<\/p><p>Only in exceptional cases will the full IP address be transmitted to a Google server in the USA and shortened there. On behalf of the operator of this website, Google will use this information for the purpose of evaluating your use of the website, compiling reports on website activity and providing other services relating to website activity and internet usage to the website operator. The IP address transmitted by your browser as part of Google Analytics will not be merged with other data from Google.<\/p><p>You may refuse the use of cookies by selecting the appropriate settings on your browser, however please note that if you do this you may not be able to use the full functionality of this website. You can also prevent the collection of data generated by the cookie and related to your use of the website (including your IP address) to Google and the processing of this data by Google by downloading and installing the browser plugin available under the following link:\u00a0<a href=\"http:\/\/tools.google.com\/dlpage\/gaoptout?hl=de\" target=\"_blank\" rel=\"noopener noreferrer\">http:\/\/tools.google.com\/dlpage\/gaoptout?hl=de<\/a><br \/>You can prevent the collection by Google Analytics by clicking on the following link. An opt-out cookie will be set that prevents future collection of your data when visiting this website: Disable Google Analytics<\/p><p>You can find more information on terms of use and data protection at\u00a0<a href=\"http:\/\/www.google.com\/analytics\/terms\/de.html\" target=\"_blank\" rel=\"noopener noreferrer\">http:\/\/www.google.com\/analytics\/terms\/de.html<\/a>\u00a0or under\u00a0<a href=\"http:\/\/www.google.com\/intl\/de\/analytics\/privacyoverview.html\" target=\"_blank\" rel=\"noopener noreferrer\">http:\/\/www.google.com\/intl\/de\/analytics\/privacyoverview.html<\/a>. We would like to point out that on this website Google Analytics has been extended by the code \"gat._anonymizeIp();\" to ensure anonymized collection of IP addresses (so-called IP masking).<\/p>\t\t\t\t\t\t\t\t<\/div>\n\t\t\t\t<\/div>\n\t\t\t\t\t<\/div>\n\t\t<\/div>\n\t\t\t\t\t<\/div>\n\t\t<\/section>\n\t\t\t\t<\/div>","protected":false},"excerpt":{"rendered":"<p>TechnoKer GmbHKaullache 1096328 K\u00fcpsDeutschland Telefon +49 9264 \/\u00a099 991-0Telefax +49\u00a09264 \/\u00a099 991-50 E-Mail kontakt@technoker.de Vertreten durch den Gesch\u00e4ftsf\u00fchrer:Siegfried Meisel Registergericht:Amtsgericht Coburg, HRB 3122 USt.Id.Nr:DE274166367 Datenschutz Datenschutzerkl\u00e4rung f\u00fcr die Nutzung von Google Analytics Diese Website benutzt Google Analytics, einen Webanalysedienst der Google Inc. (\u201cGoogle\u201d). Google Analytics verwendet sog. \u201cCookies\u201d, Textdateien, die auf Ihrem Computer gespeichert werden [&hellip;]<\/p>\n","protected":false},"author":2,"featured_media":0,"parent":0,"menu_order":0,"comment_status":"closed","ping_status":"closed","template":"","meta":{"footnotes":""},"class_list":["post-5906","page","type-page","status-publish","hentry"],"yoast_head":"<!-- This site is optimized with the Yoast SEO plugin v27.5 - https:\/\/yoast.com\/product\/yoast-seo-wordpress\/ -->\n<title>Impressum - Technoker GmbH<\/title>\n<meta name=\"robots\" content=\"index, follow, max-snippet:-1, max-image-preview:large, max-video-preview:-1\" \/>\n<link rel=\"canonical\" href=\"https:\/\/technoker.de\/en\/impressum\/\" \/>\n<meta property=\"og:locale\" content=\"en_US\" \/>\n<meta property=\"og:type\" content=\"article\" \/>\n<meta property=\"og:title\" content=\"Impressum - Technoker GmbH\" \/>\n<meta property=\"og:description\" content=\"TechnoKer GmbHKaullache 1096328 K\u00fcpsDeutschland Telefon +49 9264 \/\u00a099 991-0Telefax +49\u00a09264 \/\u00a099 991-50 E-Mail kontakt@technoker.de Vertreten durch den Gesch\u00e4ftsf\u00fchrer:Siegfried Meisel Registergericht:Amtsgericht Coburg, HRB 3122 USt.Id.Nr:DE274166367 Datenschutz Datenschutzerkl\u00e4rung f\u00fcr die Nutzung von Google Analytics Diese Website benutzt Google Analytics, einen Webanalysedienst der Google Inc. (\u201cGoogle\u201d). Google Analytics verwendet sog. \u201cCookies\u201d, Textdateien, die auf Ihrem Computer gespeichert werden [&hellip;]\" \/>\n<meta property=\"og:url\" content=\"https:\/\/technoker.de\/en\/impressum\/\" \/>\n<meta property=\"og:site_name\" content=\"Technoker GmbH\" \/>\n<meta property=\"article:modified_time\" content=\"2022-10-06T11:14:16+00:00\" \/>\n<meta property=\"og:image\" content=\"https:\/\/technoker.de\/wp-content\/uploads\/2022\/07\/GA-Logo.png\" \/>\n<meta name=\"twitter:card\" content=\"summary_large_image\" \/>\n<meta name=\"twitter:label1\" content=\"Est. reading time\" \/>\n\t<meta name=\"twitter:data1\" content=\"2 minutes\" \/>\n<script type=\"application\/ld+json\" class=\"yoast-schema-graph\">{\"@context\":\"https:\\\/\\\/schema.org\",\"@graph\":[{\"@type\":\"WebPage\",\"@id\":\"https:\\\/\\\/technoker.de\\\/impressum\",\"url\":\"https:\\\/\\\/technoker.de\\\/impressum\",\"name\":\"Impressum - Technoker GmbH\",\"isPartOf\":{\"@id\":\"https:\\\/\\\/technoker.de\\\/#website\"},\"primaryImageOfPage\":{\"@id\":\"https:\\\/\\\/technoker.de\\\/impressum#primaryimage\"},\"image\":{\"@id\":\"https:\\\/\\\/technoker.de\\\/impressum#primaryimage\"},\"thumbnailUrl\":\"https:\\\/\\\/technoker.de\\\/wp-content\\\/uploads\\\/2022\\\/07\\\/GA-Logo.png\",\"datePublished\":\"2022-07-05T06:52:10+00:00\",\"dateModified\":\"2022-10-06T11:14:16+00:00\",\"breadcrumb\":{\"@id\":\"https:\\\/\\\/technoker.de\\\/impressum#breadcrumb\"},\"inLanguage\":\"en-US\",\"potentialAction\":[{\"@type\":\"ReadAction\",\"target\":[\"https:\\\/\\\/technoker.de\\\/impressum\"]}]},{\"@type\":\"ImageObject\",\"inLanguage\":\"en-US\",\"@id\":\"https:\\\/\\\/technoker.de\\\/impressum#primaryimage\",\"url\":\"https:\\\/\\\/technoker.de\\\/wp-content\\\/uploads\\\/2022\\\/07\\\/GA-Logo.png\",\"contentUrl\":\"https:\\\/\\\/technoker.de\\\/wp-content\\\/uploads\\\/2022\\\/07\\\/GA-Logo.png\"},{\"@type\":\"BreadcrumbList\",\"@id\":\"https:\\\/\\\/technoker.de\\\/impressum#breadcrumb\",\"itemListElement\":[{\"@type\":\"ListItem\",\"position\":1,\"name\":\"Startseite\",\"item\":\"https:\\\/\\\/technoker.de\\\/\"},{\"@type\":\"ListItem\",\"position\":2,\"name\":\"Impressum\"}]},{\"@type\":\"WebSite\",\"@id\":\"https:\\\/\\\/technoker.de\\\/#website\",\"url\":\"https:\\\/\\\/technoker.de\\\/\",\"name\":\"TechnoKer GmbH\",\"description\":\"Industrielle Manufaktur technischer Keramik\",\"publisher\":{\"@id\":\"https:\\\/\\\/technoker.de\\\/#organization\"},\"potentialAction\":[{\"@type\":\"SearchAction\",\"target\":{\"@type\":\"EntryPoint\",\"urlTemplate\":\"https:\\\/\\\/technoker.de\\\/?s={search_term_string}\"},\"query-input\":{\"@type\":\"PropertyValueSpecification\",\"valueRequired\":true,\"valueName\":\"search_term_string\"}}],\"inLanguage\":\"en-US\"},{\"@type\":\"Organization\",\"@id\":\"https:\\\/\\\/technoker.de\\\/#organization\",\"name\":\"TechnoKer GmbH\",\"url\":\"https:\\\/\\\/technoker.de\\\/\",\"logo\":{\"@type\":\"ImageObject\",\"inLanguage\":\"en-US\",\"@id\":\"https:\\\/\\\/technoker.de\\\/#\\\/schema\\\/logo\\\/image\\\/\",\"url\":\"https:\\\/\\\/technoker.de\\\/wp-content\\\/uploads\\\/2022\\\/09\\\/Team-Pic-Placeholder-1024x681-1.jpeg\",\"contentUrl\":\"https:\\\/\\\/technoker.de\\\/wp-content\\\/uploads\\\/2022\\\/09\\\/Team-Pic-Placeholder-1024x681-1.jpeg\",\"width\":450,\"height\":450,\"caption\":\"TechnoKer GmbH\"},\"image\":{\"@id\":\"https:\\\/\\\/technoker.de\\\/#\\\/schema\\\/logo\\\/image\\\/\"}}]}<\/script>\n<!-- \/ Yoast SEO plugin. -->","yoast_head_json":{"title":"Imprint - Technoker GmbH","robots":{"index":"index","follow":"follow","max-snippet":"max-snippet:-1","max-image-preview":"max-image-preview:large","max-video-preview":"max-video-preview:-1"},"canonical":"https:\/\/technoker.de\/en\/impressum\/","og_locale":"en_US","og_type":"article","og_title":"Impressum - Technoker GmbH","og_description":"TechnoKer GmbHKaullache 1096328 K\u00fcpsDeutschland Telefon +49 9264 \/\u00a099 991-0Telefax +49\u00a09264 \/\u00a099 991-50 E-Mail kontakt@technoker.de Vertreten durch den Gesch\u00e4ftsf\u00fchrer:Siegfried Meisel Registergericht:Amtsgericht Coburg, HRB 3122 USt.Id.Nr:DE274166367 Datenschutz Datenschutzerkl\u00e4rung f\u00fcr die Nutzung von Google Analytics Diese Website benutzt Google Analytics, einen Webanalysedienst der Google Inc. (\u201cGoogle\u201d). Google Analytics verwendet sog. \u201cCookies\u201d, Textdateien, die auf Ihrem Computer gespeichert werden [&hellip;]","og_url":"https:\/\/technoker.de\/en\/impressum\/","og_site_name":"Technoker GmbH","article_modified_time":"2022-10-06T11:14:16+00:00","og_image":[{"url":"https:\/\/technoker.de\/wp-content\/uploads\/2022\/07\/GA-Logo.png","type":"","width":"","height":""}],"twitter_card":"summary_large_image","twitter_misc":{"Est. reading time":"2 minutes"},"schema":{"@context":"https:\/\/schema.org","@graph":[{"@type":"WebPage","@id":"https:\/\/technoker.de\/impressum","url":"https:\/\/technoker.de\/impressum","name":"Imprint - Technoker GmbH","isPartOf":{"@id":"https:\/\/technoker.de\/#website"},"primaryImageOfPage":{"@id":"https:\/\/technoker.de\/impressum#primaryimage"},"image":{"@id":"https:\/\/technoker.de\/impressum#primaryimage"},"thumbnailUrl":"https:\/\/technoker.de\/wp-content\/uploads\/2022\/07\/GA-Logo.png","datePublished":"2022-07-05T06:52:10+00:00","dateModified":"2022-10-06T11:14:16+00:00","breadcrumb":{"@id":"https:\/\/technoker.de\/impressum#breadcrumb"},"inLanguage":"en-US","potentialAction":[{"@type":"ReadAction","target":["https:\/\/technoker.de\/impressum"]}]},{"@type":"ImageObject","inLanguage":"en-US","@id":"https:\/\/technoker.de\/impressum#primaryimage","url":"https:\/\/technoker.de\/wp-content\/uploads\/2022\/07\/GA-Logo.png","contentUrl":"https:\/\/technoker.de\/wp-content\/uploads\/2022\/07\/GA-Logo.png"},{"@type":"BreadcrumbList","@id":"https:\/\/technoker.de\/impressum#breadcrumb","itemListElement":[{"@type":"ListItem","position":1,"name":"Startseite","item":"https:\/\/technoker.de\/"},{"@type":"ListItem","position":2,"name":"Impressum"}]},{"@type":"WebSite","@id":"https:\/\/technoker.de\/#website","url":"https:\/\/technoker.de\/","name":"TechnoKer GmbH","description":"Industrial manufacture of technical ceramics","publisher":{"@id":"https:\/\/technoker.de\/#organization"},"potentialAction":[{"@type":"SearchAction","target":{"@type":"EntryPoint","urlTemplate":"https:\/\/technoker.de\/?s={search_term_string}"},"query-input":{"@type":"PropertyValueSpecification","valueRequired":true,"valueName":"search_term_string"}}],"inLanguage":"en-US"},{"@type":"Organization","@id":"https:\/\/technoker.de\/#organization","name":"TechnoKer GmbH","url":"https:\/\/technoker.de\/","logo":{"@type":"ImageObject","inLanguage":"en-US","@id":"https:\/\/technoker.de\/#\/schema\/logo\/image\/","url":"https:\/\/technoker.de\/wp-content\/uploads\/2022\/09\/Team-Pic-Placeholder-1024x681-1.jpeg","contentUrl":"https:\/\/technoker.de\/wp-content\/uploads\/2022\/09\/Team-Pic-Placeholder-1024x681-1.jpeg","width":450,"height":450,"caption":"TechnoKer GmbH"},"image":{"@id":"https:\/\/technoker.de\/#\/schema\/logo\/image\/"}}]}},"_links":{"self":[{"href":"https:\/\/technoker.de\/en\/wp-json\/wp\/v2\/pages\/5906","targetHints":{"allow":["GET"]}}],"collection":[{"href":"https:\/\/technoker.de\/en\/wp-json\/wp\/v2\/pages"}],"about":[{"href":"https:\/\/technoker.de\/en\/wp-json\/wp\/v2\/types\/page"}],"author":[{"embeddable":true,"href":"https:\/\/technoker.de\/en\/wp-json\/wp\/v2\/users\/2"}],"replies":[{"embeddable":true,"href":"https:\/\/technoker.de\/en\/wp-json\/wp\/v2\/comments?post=5906"}],"version-history":[{"count":25,"href":"https:\/\/technoker.de\/en\/wp-json\/wp\/v2\/pages\/5906\/revisions"}],"predecessor-version":[{"id":6571,"href":"https:\/\/technoker.de\/en\/wp-json\/wp\/v2\/pages\/5906\/revisions\/6571"}],"wp:attachment":[{"href":"https:\/\/technoker.de\/en\/wp-json\/wp\/v2\/media?parent=5906"}],"curies":[{"name":"wp","href":"https:\/\/api.w.org\/{rel}","templated":true}]}}